{"id":2,"date":"2015-01-27T14:25:33","date_gmt":"2015-01-27T14:25:33","guid":{"rendered":"http:\/\/instants.es\/web\/?page_id=2"},"modified":"2024-01-06T20:39:59","modified_gmt":"2024-01-06T20:39:59","slug":"pagina-ejemplo","status":"publish","type":"page","link":"http:\/\/instants.es\/web\/pagina-ejemplo\/","title":{"rendered":"AUTOR"},"content":{"rendered":"<p>Como amante de la naturaleza y de la fotograf\u00eda creo este bloc para exponer algunas de mis instant\u00e1neas.<\/p>\n<p><a href=\"http:\/\/instants.es\/web\/wp-content\/uploads\/2015\/02\/yo.jpg\"><img loading=\"lazy\" decoding=\"async\" class=\"alignnone size-medium wp-image-3297\" src=\"http:\/\/instants.es\/web\/wp-content\/uploads\/2015\/02\/yo-300x225.jpg\" alt=\"yo\" width=\"300\" height=\"225\" srcset=\"http:\/\/instants.es\/web\/wp-content\/uploads\/2015\/02\/yo-300x225.jpg 300w, http:\/\/instants.es\/web\/wp-content\/uploads\/2015\/02\/yo.jpg 864w\" sizes=\"auto, (max-width: 300px) 100vw, 300px\" \/><\/a><\/p>\n<p><strong>I<\/strong><strong>NSTANTS:<\/strong><\/p>\n<p><strong>\u00abAquello que sucede un d\u00eda &#8230; A una hora &#8230; En un minuto &#8230; O en un segundo y no se vuelve a repetir\u00bb.<\/strong><\/p>\n<p><em>Jes\u00fas Corrales Guti\u00e9rrez.<\/em><\/p>\n<p>Como acuario que soy me gusta la libertad, volar sobre las cosas, admirar la naturaleza y las maravillas de este mundo que fueron creadas para nosotros, la humanidad y que no siempre sabemos cuidar y respetar.<\/p>\n<p>He tenido la fortuna de tener unos padres y hermanos maravillosos que me han apoyado en todo a pesar de las dificultades, como en cualquier familia. Mi hermano con el que llevo toda una vida compartiendo es el que realiza los montajes, y mas de una vez el que tambi\u00e9n tiene el ojo de ver la foto perfecta, es sin duda el pilar de mi camino. No puedo dejar de mencionar a mi cu\u00f1ado y mi hermana, siempre dispuestos a ir y venir con su furgoneta para descubrir nuevos lugares y fotografiarlos. y todos aquellos amigos de Moral, Gran Canaria, Murcia, etc&#8230; que me ense\u00f1an uno y otro lugar para inmortalizar esos lugares, animales, plantas o cualquier cosa que se deje fotografiar. Ellos son los primeros modelos para ir perfeccionando.<\/p>\n<p>En una generaci\u00f3n posterior pero como la hermana peque\u00f1a. Est\u00e1 mi sobrina que tambi\u00e9n ha sacado talento para la fotograf\u00eda.<\/p>\n<p>Cualquier motivo era bueno para viajar y llevar la c\u00e1mara de fotos encima. Al principio no era f\u00e1cil, los carretes limitaban las fotos y hab\u00eda que esperar al revelado para ver los resultados, pero era el comienzo la econom\u00eda personal y familiar ten\u00eda sus limitaciones y se hac\u00eda lo que se pod\u00eda.<\/p>\n<p>En cuanto a los retratos es otra manera de inmortalizar ese instante de fot\u00f3grafo modelo. Captar las emociones, los sentimientos,etc&#8230;<\/p>\n<div>El\u00a0retrato\u00a0es uno de los g\u00e9neros fotogr\u00e1ficos m\u00e1s cl\u00e1sicos y extendidos. Definirlo es f\u00e1cil: aquella fotograf\u00eda donde el motivo principal es una persona (o varias). Donde\u00a0 consigo capturar la personalidad del retratado.<\/div>\n<div>Esas fotos no salen en la web por respetar a cada modelo (Ley de protecci\u00f3n de datos).<\/div>\n<p>Otra de mis pasiones son los helic\u00f3pteros. Ya desde muy joven empec\u00e9 con la asociaci\u00f3n amigos del helic\u00f3ptero de la Polic\u00eda Nacional. As\u00ed que en cuanto puedo estoy por el a\u00edre<\/p>\n<p><strong>\u00abMe gusta sacar la fotograf\u00eda sin filtros, sin retoques plasmar aquello que ven mis ojos en cada instante.\u00bb<\/strong><\/p>\n<p>Materiales empleados: papel fotogr\u00e1fico, lienzo, pl\u00e1stico, madera, metacril\u00e1to y aluminio.<\/p>\n<p>He compuesto once libro de fotograf\u00edas (se pueden ver en el apartado libros. As\u00ed como exposiciones.\u00a0 La primera la realizo en el Centro cultural de Moralzarzal 2013. La segunda el 15 de diciembre 2017 al 15 de enero 2018 en el Centro Cultural de Moralzarzal<\/p>\n","protected":false},"excerpt":{"rendered":"<p>Como amante de la naturaleza y de la fotograf\u00eda creo este bloc para exponer algunas de mis instant\u00e1neas. INSTANTS: \u00abAquello que sucede un d\u00eda &#8230; A una hora &#8230; En un minuto &#8230; O en un segundo y no se vuelve a repetir\u00bb. Jes\u00fas Corrales Guti\u00e9rrez. Como acuario que soy me gusta la libertad, volar &hellip;<\/p>\n","protected":false},"author":8,"featured_media":0,"parent":0,"menu_order":0,"comment_status":"open","ping_status":"closed","template":"","meta":{"footnotes":""},"class_list":["post-2","page","type-page","status-publish","hentry"],"_links":{"self":[{"href":"http:\/\/instants.es\/web\/wp-json\/wp\/v2\/pages\/2","targetHints":{"allow":["GET"]}}],"collection":[{"href":"http:\/\/instants.es\/web\/wp-json\/wp\/v2\/pages"}],"about":[{"href":"http:\/\/instants.es\/web\/wp-json\/wp\/v2\/types\/page"}],"author":[{"embeddable":true,"href":"http:\/\/instants.es\/web\/wp-json\/wp\/v2\/users\/8"}],"replies":[{"embeddable":true,"href":"http:\/\/instants.es\/web\/wp-json\/wp\/v2\/comments?post=2"}],"version-history":[{"count":15,"href":"http:\/\/instants.es\/web\/wp-json\/wp\/v2\/pages\/2\/revisions"}],"predecessor-version":[{"id":4847,"href":"http:\/\/instants.es\/web\/wp-json\/wp\/v2\/pages\/2\/revisions\/4847"}],"wp:attachment":[{"href":"http:\/\/instants.es\/web\/wp-json\/wp\/v2\/media?parent=2"}],"curies":[{"name":"wp","href":"https:\/\/api.w.org\/{rel}","templated":true}]}}